{"id":5318,"date":"2025-10-13T09:49:49","date_gmt":"2025-10-13T09:49:49","guid":{"rendered":"https:\/\/www.garmasl.com\/blog\/?page_id=5318"},"modified":"2025-10-13T10:28:44","modified_gmt":"2025-10-13T10:28:44","slug":"sps-2025-sps-smart-production-solutions-nuremberg","status":"publish","type":"page","link":"https:\/\/www.garmasl.com\/blog\/en\/sps-2025-sps-smart-production-solutions-nuremberg\/","title":{"rendered":"SPS 2025 &#8211; SPS Smart Production Solutions Nuremberg"},"content":{"rendered":"\n<h2 class=\"wp-block-heading\">SPS 2025 &#8211; SPS Smart Production Solutions Nuremberg<\/h2>\n<div class=\"lineas-juntas\">\n<div class=\"linea-azul\"><\/div>\n<div class=\"linea-gris\"><\/div>\n<\/div>\n<style>\n  .lineas-juntas {\n    display: flex;\n    flex-direction: column;\n    margin: 0;\n    padding: 0;\n  }\n\n  .linea-azul {\n    background-color: #1b4489;\n    height: 8px; \/* Grosor *\/\n    width: 100%;\n    margin: 0; \/* Elimina cualquier margen *\/\n  }\n\n  .linea-gris {\n    background-color: #d1d5db;\n    height: 8px; \/* Grosor *\/\n    width: 100%;\n    margin: 0; \/* Elimina cualquier margen *\/\n  }\n<\/style>\n<p>\u00a1\u00danete a la Innovaci\u00f3n en SPS 2025 con Garma Electr\u00f3nica!<\/p>\n\n<p>Descubre las \u00daltimas Soluciones en Automatizaci\u00f3n Industrial.<\/p>\n\n<p>En<strong> Garma Electr\u00f3nica<\/strong>, estamos emocionados de anunciar que nuestros proveedores <strong>Helmholz<\/strong>, <strong>HMS Networks<\/strong> y <strong>Fischer <\/strong>estar\u00e1n presentes en la feria<strong> SPS 2025<\/strong>, del <strong>25 al 27 de noviembre<\/strong> en N\u00faremberg, Alemania. Este evento l\u00edder en automatizaci\u00f3n industrial es el escenario perfecto para explorar las innovaciones m\u00e1s recientes en redes industriales, instrumentaci\u00f3n precisa y control de proceso<\/p>\n\n<div class=\"wp-block-media-text is-stacked-on-mobile\" style=\"grid-template-columns:23% auto\"><figure class=\"wp-block-media-text__media\"><img loading=\"lazy\" decoding=\"async\" width=\"780\" height=\"780\" src=\"https:\/\/www.garmasl.com\/blog\/wp-content\/uploads\/2025\/10\/blog-foto.jpg\" alt=\"\" class=\"wp-image-5314 size-full\" srcset=\"https:\/\/www.garmasl.com\/blog\/wp-content\/uploads\/2025\/10\/blog-foto.jpg 780w, https:\/\/www.garmasl.com\/blog\/wp-content\/uploads\/2025\/10\/blog-foto-300x300.jpg 300w, https:\/\/www.garmasl.com\/blog\/wp-content\/uploads\/2025\/10\/blog-foto-150x150.jpg 150w, https:\/\/www.garmasl.com\/blog\/wp-content\/uploads\/2025\/10\/blog-foto-768x768.jpg 768w\" sizes=\"auto, (max-width: 780px) 100vw, 780px\" \/><\/figure><div class=\"wp-block-media-text__content\">\n<p><strong>\u00bfQu\u00e9 encontrar\u00e1s en SPS 2025?<\/strong><br\/>Nuestros proveedores presentar\u00e1n soluciones punteras:<br\/><strong>Helmholz:<\/strong> Switches y gateways para redes industriales robustas, optimizando conectividad en entornos OT.<br\/><strong>HMS Networks:<\/strong> Tecnolog\u00edas de comunicaci\u00f3n avanzadas para integrar IT\/OT con m\u00e1xima eficiencia.<br\/><strong>Fischer:<\/strong> Conectores de alta precisi\u00f3n para aplicaciones industriales cr\u00edticas.<\/p>\n\n\n\n<p><strong>\u00a1Te esperamos en la feria!<\/strong><\/p>\n\n\n\n<p>Visita los stands de nuestros partners y descubre c\u00f3mo podemos llevar tus procesos al siguiente nivel.<\/p>\n\n\n\n<p>\u00bfNecesitas entradas o tienes preguntas? \u00a1Contacta nosotros!<br\/><\/p>\n<\/div><\/div>\n\n<div class=\"wp-block-group has-ast-global-color-6-background-color has-background is-layout-constrained wp-block-group-is-layout-constrained\" style=\"padding-top:var(--wp--preset--spacing--40);padding-bottom:var(--wp--preset--spacing--40)\">\n<p class=\"has-text-align-center\">Para m\u00e1s informaci\u00f3n.<\/p>\n\n\n\n<div class=\"wp-block-buttons is-content-justification-center is-layout-flex wp-container-core-buttons-is-layout-a89b3969 wp-block-buttons-is-layout-flex\">\n<div class=\"wp-block-button\"><a class=\"wp-block-button__link wp-element-button\" href=\"https:\/\/www.garmasl.com\/es\/contactenos\">Cont\u00e1ctanos<\/a><\/div>\n<\/div>\n<\/div>\n","protected":false},"excerpt":{"rendered":"<p>SPS 2025 &#8211; SPS Smart Production Solutions Nuremberg \u00a1\u00danete a la Innovaci\u00f3n en SPS 2025 con Garma Electr\u00f3nica! Descubre las [&hellip;]<\/p>\n","protected":false},"author":3,"featured_media":5308,"parent":0,"menu_order":0,"comment_status":"closed","ping_status":"closed","template":"","meta":{"inline_featured_image":false,"site-sidebar-layout":"default","site-content-layout":"","ast-site-content-layout":"","site-content-style":"default","site-sidebar-style":"default","ast-global-header-display":"","ast-banner-title-visibility":"","ast-main-header-display":"","ast-hfb-above-header-display":"","ast-hfb-below-header-display":"","ast-hfb-mobile-header-display":"","site-post-title":"","ast-breadcrumbs-content":"","ast-featured-img":"disabled","footer-sml-layout":"","theme-transparent-header-meta":"","adv-header-id-meta":"","stick-header-meta":"","header-above-stick-meta":"","header-main-stick-meta":"","header-below-stick-meta":"","astra-migrate-meta-layouts":"default","ast-page-background-enabled":"default","ast-page-background-meta":{"desktop":{"background-color":"var(--ast-global-color-4)","background-image":"","background-repeat":"repeat","background-position":"center center","background-size":"auto","background-attachment":"scroll","background-type":"","background-media":"","overlay-type":"","overlay-color":"","overlay-opacity":"","overlay-gradient":""},"tablet":{"background-color":"","background-image":"","background-repeat":"repeat","background-position":"center center","background-size":"auto","background-attachment":"scroll","background-type":"","background-media":"","overlay-type":"","overlay-color":"","overlay-opacity":"","overlay-gradient":""},"mobile":{"background-color":"","background-image":"","background-repeat":"repeat","background-position":"center center","background-size":"auto","background-attachment":"scroll","background-type":"","background-media":"","overlay-type":"","overlay-color":"","overlay-opacity":"","overlay-gradient":""}},"ast-content-background-meta":{"desktop":{"background-color":"var(--ast-global-color-5)","background-image":"","background-repeat":"repeat","background-position":"center center","background-size":"auto","background-attachment":"scroll","background-type":"","background-media":"","overlay-type":"","overlay-color":"","overlay-opacity":"","overlay-gradient":""},"tablet":{"background-color":"var(--ast-global-color-5)","background-image":"","background-repeat":"repeat","background-position":"center center","background-size":"auto","background-attachment":"scroll","background-type":"","background-media":"","overlay-type":"","overlay-color":"","overlay-opacity":"","overlay-gradient":""},"mobile":{"background-color":"var(--ast-global-color-5)","background-image":"","background-repeat":"repeat","background-position":"center center","background-size":"auto","background-attachment":"scroll","background-type":"","background-media":"","overlay-type":"","overlay-color":"","overlay-opacity":"","overlay-gradient":""}},"footnotes":""},"class_list":["post-5318","page","type-page","status-publish","has-post-thumbnail","hentry"],"yoast_head":"<!-- This site is optimized with the Yoast SEO plugin v23.5 - https:\/\/yoast.com\/wordpress\/plugins\/seo\/ -->\n<title>SPS 2025 - SPS Smart Production Solutions Nuremberg - Garma Electr\u00f3nica | Blog<\/title>\n<meta name=\"robots\" content=\"index, follow, max-snippet:-1, max-image-preview:large, max-video-preview:-1\" \/>\n<link rel=\"canonical\" href=\"https:\/\/www.garmasl.com\/blog\/en\/sps-2025-sps-smart-production-solutions-nuremberg\/\" \/>\n<meta property=\"og:locale\" content=\"en_US\" \/>\n<meta property=\"og:type\" content=\"article\" \/>\n<meta property=\"og:title\" content=\"SPS 2025 - SPS Smart Production Solutions Nuremberg - Garma Electr\u00f3nica | Blog\" \/>\n<meta property=\"og:description\" content=\"SPS 2025 &#8211; SPS Smart Production Solutions Nuremberg \u00a1\u00danete a la Innovaci\u00f3n en SPS 2025 con Garma Electr\u00f3nica! Descubre las [&hellip;]\" \/>\n<meta property=\"og:url\" content=\"https:\/\/www.garmasl.com\/blog\/en\/sps-2025-sps-smart-production-solutions-nuremberg\/\" \/>\n<meta property=\"og:site_name\" content=\"Garma Electr\u00f3nica | Blog\" \/>\n<meta property=\"article:modified_time\" content=\"2025-10-13T10:28:44+00:00\" \/>\n<meta property=\"og:image\" content=\"https:\/\/www.garmasl.com\/blog\/wp-content\/uploads\/2025\/10\/SPS-Smart-Nuremberg-25.-27.11.2025.jpg\" \/>\n\t<meta property=\"og:image:width\" content=\"1100\" \/>\n\t<meta property=\"og:image:height\" content=\"619\" \/>\n\t<meta property=\"og:image:type\" content=\"image\/jpeg\" \/>\n<meta name=\"twitter:card\" content=\"summary_large_image\" \/>\n<meta name=\"twitter:label1\" content=\"Est. reading time\" \/>\n\t<meta name=\"twitter:data1\" content=\"2 minutes\" \/>\n<script type=\"application\/ld+json\" class=\"yoast-schema-graph\">{\"@context\":\"https:\/\/schema.org\",\"@graph\":[{\"@type\":\"WebPage\",\"@id\":\"https:\/\/www.garmasl.com\/blog\/en\/sps-2025-sps-smart-production-solutions-nuremberg\/\",\"url\":\"https:\/\/www.garmasl.com\/blog\/en\/sps-2025-sps-smart-production-solutions-nuremberg\/\",\"name\":\"SPS 2025 - SPS Smart Production Solutions Nuremberg - Garma Electr\u00f3nica | Blog\",\"isPartOf\":{\"@id\":\"https:\/\/www.garmasl.com\/blog\/en\/#website\"},\"primaryImageOfPage\":{\"@id\":\"https:\/\/www.garmasl.com\/blog\/en\/sps-2025-sps-smart-production-solutions-nuremberg\/#primaryimage\"},\"image\":{\"@id\":\"https:\/\/www.garmasl.com\/blog\/en\/sps-2025-sps-smart-production-solutions-nuremberg\/#primaryimage\"},\"thumbnailUrl\":\"https:\/\/www.garmasl.com\/blog\/wp-content\/uploads\/2025\/10\/SPS-Smart-Nuremberg-25.-27.11.2025.jpg\",\"datePublished\":\"2025-10-13T09:49:49+00:00\",\"dateModified\":\"2025-10-13T10:28:44+00:00\",\"breadcrumb\":{\"@id\":\"https:\/\/www.garmasl.com\/blog\/en\/sps-2025-sps-smart-production-solutions-nuremberg\/#breadcrumb\"},\"inLanguage\":\"en-US\",\"potentialAction\":[{\"@type\":\"ReadAction\",\"target\":[\"https:\/\/www.garmasl.com\/blog\/en\/sps-2025-sps-smart-production-solutions-nuremberg\/\"]}]},{\"@type\":\"ImageObject\",\"inLanguage\":\"en-US\",\"@id\":\"https:\/\/www.garmasl.com\/blog\/en\/sps-2025-sps-smart-production-solutions-nuremberg\/#primaryimage\",\"url\":\"https:\/\/www.garmasl.com\/blog\/wp-content\/uploads\/2025\/10\/SPS-Smart-Nuremberg-25.-27.11.2025.jpg\",\"contentUrl\":\"https:\/\/www.garmasl.com\/blog\/wp-content\/uploads\/2025\/10\/SPS-Smart-Nuremberg-25.-27.11.2025.jpg\",\"width\":1100,\"height\":619},{\"@type\":\"BreadcrumbList\",\"@id\":\"https:\/\/www.garmasl.com\/blog\/en\/sps-2025-sps-smart-production-solutions-nuremberg\/#breadcrumb\",\"itemListElement\":[{\"@type\":\"ListItem\",\"position\":1,\"name\":\"Portada\",\"item\":\"https:\/\/www.garmasl.com\/blog\/en\/\"},{\"@type\":\"ListItem\",\"position\":2,\"name\":\"SPS 2025 &#8211; SPS Smart Production Solutions Nuremberg\"}]},{\"@type\":\"WebSite\",\"@id\":\"https:\/\/www.garmasl.com\/blog\/en\/#website\",\"url\":\"https:\/\/www.garmasl.com\/blog\/en\/\",\"name\":\"Garma Electr\u00f3nica | Blog\",\"description\":\"Noticias de instrumentaci\u00f3n de control\",\"publisher\":{\"@id\":\"https:\/\/www.garmasl.com\/blog\/en\/#organization\"},\"potentialAction\":[{\"@type\":\"SearchAction\",\"target\":{\"@type\":\"EntryPoint\",\"urlTemplate\":\"https:\/\/www.garmasl.com\/blog\/en\/?s={search_term_string}\"},\"query-input\":{\"@type\":\"PropertyValueSpecification\",\"valueRequired\":true,\"valueName\":\"search_term_string\"}}],\"inLanguage\":\"en-US\"},{\"@type\":\"Organization\",\"@id\":\"https:\/\/www.garmasl.com\/blog\/en\/#organization\",\"name\":\"Garma Electr\u00f3nica | Blog\",\"url\":\"https:\/\/www.garmasl.com\/blog\/en\/\",\"logo\":{\"@type\":\"ImageObject\",\"inLanguage\":\"en-US\",\"@id\":\"https:\/\/www.garmasl.com\/blog\/en\/#\/schema\/logo\/image\/\",\"url\":\"https:\/\/www.garmasl.com\/blog\/wp-content\/uploads\/2024\/11\/cropped-garma-logo-removebg-preview.png\",\"contentUrl\":\"https:\/\/www.garmasl.com\/blog\/wp-content\/uploads\/2024\/11\/cropped-garma-logo-removebg-preview.png\",\"width\":912,\"height\":273,\"caption\":\"Garma Electr\u00f3nica | Blog\"},\"image\":{\"@id\":\"https:\/\/www.garmasl.com\/blog\/en\/#\/schema\/logo\/image\/\"}}]}<\/script>\n<!-- \/ Yoast SEO plugin. -->","yoast_head_json":{"title":"SPS 2025 - SPS Smart Production Solutions Nuremberg - Garma Electr\u00f3nica | Blog","robots":{"index":"index","follow":"follow","max-snippet":"max-snippet:-1","max-image-preview":"max-image-preview:large","max-video-preview":"max-video-preview:-1"},"canonical":"https:\/\/www.garmasl.com\/blog\/en\/sps-2025-sps-smart-production-solutions-nuremberg\/","og_locale":"en_US","og_type":"article","og_title":"SPS 2025 - SPS Smart Production Solutions Nuremberg - Garma Electr\u00f3nica | Blog","og_description":"SPS 2025 &#8211; SPS Smart Production Solutions Nuremberg \u00a1\u00danete a la Innovaci\u00f3n en SPS 2025 con Garma Electr\u00f3nica! Descubre las [&hellip;]","og_url":"https:\/\/www.garmasl.com\/blog\/en\/sps-2025-sps-smart-production-solutions-nuremberg\/","og_site_name":"Garma Electr\u00f3nica | Blog","article_modified_time":"2025-10-13T10:28:44+00:00","og_image":[{"width":1100,"height":619,"url":"https:\/\/www.garmasl.com\/blog\/wp-content\/uploads\/2025\/10\/SPS-Smart-Nuremberg-25.-27.11.2025.jpg","type":"image\/jpeg"}],"twitter_card":"summary_large_image","twitter_misc":{"Est. reading time":"2 minutes"},"schema":{"@context":"https:\/\/schema.org","@graph":[{"@type":"WebPage","@id":"https:\/\/www.garmasl.com\/blog\/en\/sps-2025-sps-smart-production-solutions-nuremberg\/","url":"https:\/\/www.garmasl.com\/blog\/en\/sps-2025-sps-smart-production-solutions-nuremberg\/","name":"SPS 2025 - SPS Smart Production Solutions Nuremberg - Garma Electr\u00f3nica | Blog","isPartOf":{"@id":"https:\/\/www.garmasl.com\/blog\/en\/#website"},"primaryImageOfPage":{"@id":"https:\/\/www.garmasl.com\/blog\/en\/sps-2025-sps-smart-production-solutions-nuremberg\/#primaryimage"},"image":{"@id":"https:\/\/www.garmasl.com\/blog\/en\/sps-2025-sps-smart-production-solutions-nuremberg\/#primaryimage"},"thumbnailUrl":"https:\/\/www.garmasl.com\/blog\/wp-content\/uploads\/2025\/10\/SPS-Smart-Nuremberg-25.-27.11.2025.jpg","datePublished":"2025-10-13T09:49:49+00:00","dateModified":"2025-10-13T10:28:44+00:00","breadcrumb":{"@id":"https:\/\/www.garmasl.com\/blog\/en\/sps-2025-sps-smart-production-solutions-nuremberg\/#breadcrumb"},"inLanguage":"en-US","potentialAction":[{"@type":"ReadAction","target":["https:\/\/www.garmasl.com\/blog\/en\/sps-2025-sps-smart-production-solutions-nuremberg\/"]}]},{"@type":"ImageObject","inLanguage":"en-US","@id":"https:\/\/www.garmasl.com\/blog\/en\/sps-2025-sps-smart-production-solutions-nuremberg\/#primaryimage","url":"https:\/\/www.garmasl.com\/blog\/wp-content\/uploads\/2025\/10\/SPS-Smart-Nuremberg-25.-27.11.2025.jpg","contentUrl":"https:\/\/www.garmasl.com\/blog\/wp-content\/uploads\/2025\/10\/SPS-Smart-Nuremberg-25.-27.11.2025.jpg","width":1100,"height":619},{"@type":"BreadcrumbList","@id":"https:\/\/www.garmasl.com\/blog\/en\/sps-2025-sps-smart-production-solutions-nuremberg\/#breadcrumb","itemListElement":[{"@type":"ListItem","position":1,"name":"Portada","item":"https:\/\/www.garmasl.com\/blog\/en\/"},{"@type":"ListItem","position":2,"name":"SPS 2025 &#8211; SPS Smart Production Solutions Nuremberg"}]},{"@type":"WebSite","@id":"https:\/\/www.garmasl.com\/blog\/en\/#website","url":"https:\/\/www.garmasl.com\/blog\/en\/","name":"Garma Electr\u00f3nica | Blog","description":"Noticias de instrumentaci\u00f3n de control","publisher":{"@id":"https:\/\/www.garmasl.com\/blog\/en\/#organization"},"potentialAction":[{"@type":"SearchAction","target":{"@type":"EntryPoint","urlTemplate":"https:\/\/www.garmasl.com\/blog\/en\/?s={search_term_string}"},"query-input":{"@type":"PropertyValueSpecification","valueRequired":true,"valueName":"search_term_string"}}],"inLanguage":"en-US"},{"@type":"Organization","@id":"https:\/\/www.garmasl.com\/blog\/en\/#organization","name":"Garma Electr\u00f3nica | Blog","url":"https:\/\/www.garmasl.com\/blog\/en\/","logo":{"@type":"ImageObject","inLanguage":"en-US","@id":"https:\/\/www.garmasl.com\/blog\/en\/#\/schema\/logo\/image\/","url":"https:\/\/www.garmasl.com\/blog\/wp-content\/uploads\/2024\/11\/cropped-garma-logo-removebg-preview.png","contentUrl":"https:\/\/www.garmasl.com\/blog\/wp-content\/uploads\/2024\/11\/cropped-garma-logo-removebg-preview.png","width":912,"height":273,"caption":"Garma Electr\u00f3nica | Blog"},"image":{"@id":"https:\/\/www.garmasl.com\/blog\/en\/#\/schema\/logo\/image\/"}}]}},"_links":{"self":[{"href":"https:\/\/www.garmasl.com\/blog\/en\/wp-json\/wp\/v2\/pages\/5318","targetHints":{"allow":["GET"]}}],"collection":[{"href":"https:\/\/www.garmasl.com\/blog\/en\/wp-json\/wp\/v2\/pages"}],"about":[{"href":"https:\/\/www.garmasl.com\/blog\/en\/wp-json\/wp\/v2\/types\/page"}],"author":[{"embeddable":true,"href":"https:\/\/www.garmasl.com\/blog\/en\/wp-json\/wp\/v2\/users\/3"}],"replies":[{"embeddable":true,"href":"https:\/\/www.garmasl.com\/blog\/en\/wp-json\/wp\/v2\/comments?post=5318"}],"version-history":[{"count":3,"href":"https:\/\/www.garmasl.com\/blog\/en\/wp-json\/wp\/v2\/pages\/5318\/revisions"}],"predecessor-version":[{"id":5325,"href":"https:\/\/www.garmasl.com\/blog\/en\/wp-json\/wp\/v2\/pages\/5318\/revisions\/5325"}],"wp:featuredmedia":[{"embeddable":true,"href":"https:\/\/www.garmasl.com\/blog\/en\/wp-json\/wp\/v2\/media\/5308"}],"wp:attachment":[{"href":"https:\/\/www.garmasl.com\/blog\/en\/wp-json\/wp\/v2\/media?parent=5318"}],"curies":[{"name":"wp","href":"https:\/\/api.w.org\/{rel}","templated":true}]}}